{"id":2467,"date":"2022-10-20T14:22:54","date_gmt":"2022-10-20T14:22:54","guid":{"rendered":"http:\/\/www.baplast.com.tn\/shopping\/sac-boutique\/"},"modified":"2022-11-10T09:43:55","modified_gmt":"2022-11-10T09:43:55","slug":"shopping-bag","status":"publish","type":"page","link":"http:\/\/www.baplast.com.tn\/en\/products\/shopping\/shopping-bag\/","title":{"rendered":"Shopping Bag"},"content":{"rendered":"\t\t<div data-elementor-type=\"wp-page\" data-elementor-id=\"2467\" class=\"elementor elementor-2467\">\n\t\t\t\t\t\t\t\t\t<section class=\"elementor-section elementor-top-section elementor-element elementor-element-e41dbd7 elementor-section-boxed elementor-section-height-default elementor-section-height-default\" data-id=\"e41dbd7\" data-element_type=\"section\">\n\t\t\t\t\t\t<div class=\"elementor-container elementor-column-gap-default\">\n\t\t\t\t\t<div class=\"elementor-column elementor-col-50 elementor-top-column elementor-element elementor-element-f47b5d3\" data-id=\"f47b5d3\" data-element_type=\"column\">\n\t\t\t<div class=\"elementor-widget-wrap elementor-element-populated\">\n\t\t\t\t\t\t\t\t<section class=\"elementor-section elementor-inner-section elementor-element elementor-element-b5babd4 elementor-section-content-middle elementor-reverse-mobile elementor-section-boxed elementor-section-height-default elementor-section-height-default\" data-id=\"b5babd4\" data-element_type=\"section\">\n\t\t\t\t\t\t<div class=\"elementor-container elementor-column-gap-default\">\n\t\t\t\t\t<div class=\"elementor-column elementor-col-100 elementor-inner-column elementor-element elementor-element-5f9f6a3\" data-id=\"5f9f6a3\" data-element_type=\"column\">\n\t\t\t<div class=\"elementor-widget-wrap elementor-element-populated\">\n\t\t\t\t\t\t\t\t<div class=\"elementor-element elementor-element-f066ec3 services_sidebar elementor-widget elementor-widget-sidebar\" data-id=\"f066ec3\" data-element_type=\"widget\" data-widget_type=\"sidebar.default\">\n\t\t\t\t<div class=\"elementor-widget-container\">\n\t\t\t<aside id=\"nav_menu-4\" class=\"widget widget_nav_menu\"><div class=\"menu-sidebar-produits-shopping-container\"><ul id=\"menu-sidebar-produits-shopping\" class=\"menu\"><li id=\"menu-item-2421\" class=\"menu-item menu-item-type-post_type menu-item-object-page menu-item-2421\"><a href=\"http:\/\/www.baplast.com.tn\/nos-produits\/shopping\/\">Shopping<\/a>\n<ul class=\"sub-menu\">\n\t<li id=\"menu-item-2470\" class=\"menu-item menu-item-type-post_type menu-item-object-page menu-item-2470\"><a href=\"http:\/\/www.baplast.com.tn\/nos-produits\/shopping\/sac-bretelle-reutilisable\/\">Reusable Shopping Bag<\/a><\/li>\n\t<li id=\"menu-item-2465\" class=\"menu-item menu-item-type-post_type menu-item-object-page menu-item-2465\"><a href=\"http:\/\/www.baplast.com.tn\/nos-produits\/shopping\/sac-a-poignee-souple-ou-decoupe\/\">Soft Loop Handle and D- Cut Bag<\/a><\/li>\n\t<li id=\"menu-item-2467\" class=\"menu-item menu-item-type-post_type menu-item-object-page menu-item-2467\"><a href=\"http:\/\/www.baplast.com.tn\/nos-produits\/shopping\/sac-boutique\/\">Shopping Bag<\/a><\/li>\n<\/ul>\n<\/li>\n<\/ul><\/div><\/aside>\t\t<\/div>\n\t\t\t\t<\/div>\n\t\t\t\t\t<\/div>\n\t\t<\/div>\n\t\t\t\t\t\t\t<\/div>\n\t\t<\/section>\n\t\t\t\t\t<\/div>\n\t\t<\/div>\n\t\t\t\t<div class=\"elementor-column elementor-col-50 elementor-top-column elementor-element elementor-element-f0acdab\" data-id=\"f0acdab\" data-element_type=\"column\">\n\t\t\t<div class=\"elementor-widget-wrap elementor-element-populated\">\n\t\t\t\t\t\t\t\t<section class=\"elementor-section elementor-inner-section elementor-element elementor-element-395edc7 elementor-section-content-middle elementor-reverse-mobile elementor-section-boxed elementor-section-height-default elementor-section-height-default\" data-id=\"395edc7\" data-element_type=\"section\">\n\t\t\t\t\t\t<div class=\"elementor-container elementor-column-gap-default\">\n\t\t\t\t\t<div class=\"elementor-column elementor-col-50 elementor-inner-column elementor-element elementor-element-a43596d\" data-id=\"a43596d\" data-element_type=\"column\">\n\t\t\t<div class=\"elementor-widget-wrap elementor-element-populated\">\n\t\t\t\t\t\t\t\t<div class=\"elementor-element elementor-element-4f40e5a slider-produits elementor-arrows-position-inside elementor-pagination-position-outside elementor-widget elementor-widget-image-carousel\" data-id=\"4f40e5a\" data-element_type=\"widget\" data-settings=\"{&quot;slides_to_show&quot;:&quot;1&quot;,&quot;navigation&quot;:&quot;both&quot;,&quot;autoplay&quot;:&quot;yes&quot;,&quot;pause_on_hover&quot;:&quot;yes&quot;,&quot;pause_on_interaction&quot;:&quot;yes&quot;,&quot;autoplay_speed&quot;:5000,&quot;infinite&quot;:&quot;yes&quot;,&quot;effect&quot;:&quot;slide&quot;,&quot;speed&quot;:500}\" data-widget_type=\"image-carousel.default\">\n\t\t\t\t<div class=\"elementor-widget-container\">\n\t\t\t<style>\/*! elementor - v3.7.8 - 02-10-2022 *\/\n.elementor-widget-image-carousel .swiper-container{position:static}.elementor-widget-image-carousel .swiper-container .swiper-slide figure{line-height:inherit}.elementor-widget-image-carousel .swiper-slide{text-align:center}.elementor-image-carousel-wrapper:not(.swiper-container-initialized) .swiper-slide{max-width:calc(100% \/ var(--e-image-carousel-slides-to-show, 3))}<\/style>\t\t<div class=\"elementor-image-carousel-wrapper swiper-container\" dir=\"ltr\">\n\t\t\t<div class=\"elementor-image-carousel swiper-wrapper\">\n\t\t\t\t\t\t\t\t<div class=\"swiper-slide\"><figure class=\"swiper-slide-inner\"><img decoding=\"async\" class=\"swiper-slide-image\" src=\"http:\/\/www.baplast.com.tn\/wp-content\/uploads\/2022\/10\/sac_boutique_1.jpg\" alt=\"Etoile\" \/><figcaption class=\"elementor-image-carousel-caption\">Etoile<\/figcaption><\/figure><\/div><div class=\"swiper-slide\"><figure class=\"swiper-slide-inner\"><img decoding=\"async\" class=\"swiper-slide-image\" src=\"http:\/\/www.baplast.com.tn\/wp-content\/uploads\/2022\/10\/sac_boutique_2.jpg\" alt=\"Kashmir\" \/><figcaption class=\"elementor-image-carousel-caption\">Kashmir<\/figcaption><\/figure><\/div><div class=\"swiper-slide\"><figure class=\"swiper-slide-inner\"><img decoding=\"async\" class=\"swiper-slide-image\" src=\"http:\/\/www.baplast.com.tn\/wp-content\/uploads\/2022\/10\/sac_boutique_3.jpg\" alt=\"Baroque\" \/><figcaption class=\"elementor-image-carousel-caption\">Baroque<\/figcaption><\/figure><\/div><div class=\"swiper-slide\"><figure class=\"swiper-slide-inner\"><img decoding=\"async\" class=\"swiper-slide-image\" src=\"http:\/\/www.baplast.com.tn\/wp-content\/uploads\/2022\/10\/sac_boutique_4.jpg\" alt=\"Mosa\u00efque\" \/><figcaption class=\"elementor-image-carousel-caption\">Mosa\u00efque<\/figcaption><\/figure><\/div><div class=\"swiper-slide\"><figure class=\"swiper-slide-inner\"><img decoding=\"async\" class=\"swiper-slide-image\" src=\"http:\/\/www.baplast.com.tn\/wp-content\/uploads\/2022\/10\/sac_shopping_3.png\" alt=\"sac_shopping_3\" \/><\/figure><\/div>\t\t\t<\/div>\n\t\t\t\t\t\t\t\t\t\t\t\t<div class=\"swiper-pagination\"><\/div>\n\t\t\t\t\t\t\t\t\t\t\t\t\t<div class=\"elementor-swiper-button elementor-swiper-button-prev\">\n\t\t\t\t\t\t<i aria-hidden=\"true\" class=\"eicon-chevron-left\"><\/i>\t\t\t\t\t\t<span class=\"elementor-screen-only\">Previous<\/span>\n\t\t\t\t\t<\/div>\n\t\t\t\t\t<div class=\"elementor-swiper-button elementor-swiper-button-next\">\n\t\t\t\t\t\t<i aria-hidden=\"true\" class=\"eicon-chevron-right\"><\/i>\t\t\t\t\t\t<span class=\"elementor-screen-only\">Next<\/span>\n\t\t\t\t\t<\/div>\n\t\t\t\t\t\t\t\t\t<\/div>\n\t\t\t\t<\/div>\n\t\t\t\t<\/div>\n\t\t\t\t\t<\/div>\n\t\t<\/div>\n\t\t\t\t<div class=\"elementor-column elementor-col-50 elementor-inner-column elementor-element elementor-element-b390fab\" data-id=\"b390fab\" data-element_type=\"column\">\n\t\t\t<div class=\"elementor-widget-wrap elementor-element-populated\">\n\t\t\t\t\t\t\t\t<div class=\"elementor-element elementor-element-2de237a elementor-widget elementor-widget-text-editor\" data-id=\"2de237a\" data-element_type=\"widget\" data-widget_type=\"text-editor.default\">\n\t\t\t\t<div class=\"elementor-widget-container\">\n\t\t\t<style>\/*! elementor - v3.7.8 - 02-10-2022 *\/\n.elementor-widget-text-editor.elementor-drop-cap-view-stacked .elementor-drop-cap{background-color:#818a91;color:#fff}.elementor-widget-text-editor.elementor-drop-cap-view-framed .elementor-drop-cap{color:#818a91;border:3px solid;background-color:transparent}.elementor-widget-text-editor:not(.elementor-drop-cap-view-default) .elementor-drop-cap{margin-top:8px}.elementor-widget-text-editor:not(.elementor-drop-cap-view-default) .elementor-drop-cap-letter{width:1em;height:1em}.elementor-widget-text-editor .elementor-drop-cap{float:left;text-align:center;line-height:1;font-size:50px}.elementor-widget-text-editor .elementor-drop-cap-letter{display:inline-block}<\/style>\t\t\t\t<h5 style=\"text-align: center; color: black;\">Recycled and recyclable high-density PE material <\/h5>\t\t\t\t\t\t<\/div>\n\t\t\t\t<\/div>\n\t\t\t\t<div class=\"elementor-element elementor-element-8c70e62 elementor-widget elementor-widget-html\" data-id=\"8c70e62\" data-element_type=\"widget\" data-widget_type=\"html.default\">\n\t\t\t\t<div class=\"elementor-widget-container\">\n\t\t\t<style>\r\n:root\r\n{\r\n --bg-table-stripe: #f6f6f5;\r\n --b-table: #e3e3e2;\r\n --caption: #242423;\r\n}\r\n\r\ntable\r\n{\r\n background-color: transparent;\r\n border-collapse:collapse;\r\n font-family: Arial, Helvetica, sans-serif\r\n}\r\n\r\nth\r\n{\r\n text-align:left\r\n}\r\n\r\n.dcf-txt-center\r\n{\r\n text-align: center!important\r\n}\r\n\r\n.dcf-txt-left\r\n{\r\n text-align: left!important\r\n}\r\n\r\n.dcf-txt-right\r\n{\r\n text-align: right!important\r\n}\r\n    \r\n.dcf-table caption\r\n{\r\n color: var(--caption);\r\n font-size: 1.13em;\r\n font-weight: 700;\r\n padding-bottom: .56rem\r\n}\r\n\r\n.dcf-table thead\r\n{\r\n font-size: .84em\r\n}\r\n\r\n.dcf-table tbody\r\n{\r\n border-bottom: 1px solid var(--b-table);\r\n border-top: 1px solid var(--b-table);\r\n font-size: .84em\r\n}\r\n\r\n.dcf-table tfoot\r\n{\r\n font-size: .84em\r\n}\r\n\r\n.dcf-table td, .dcf-table th\r\n{\r\n padding-right: 1.78em\r\n}\r\n\r\n.dcf-table-bordered, .dcf-table-bordered td, .dcf-table-bordered th\r\n{\r\n border: 1px solid var(--b-table)\r\n}\r\n\r\n.dcf-table-bordered td, .dcf-table-bordered th, .dcf-table-striped td, .dcf-table-striped th\r\n{\r\n padding-left: 1em;\r\n padding-right: 1em\r\n}\r\n\r\n.dcf-table-bordered tr:not(:last-child), .dcf-table-striped tr:not(:last-child)\r\n{\r\n border-bottom: 1px solid var(--b-table)\r\n}\r\n\r\n.dcf-table-striped tbody tr:nth-of-type(2n)\r\n{\r\n background-color: var(--bg-table-stripe)\r\n}\r\n\r\n.dcf-table thead td, .dcf-table thead th\r\n{\r\n padding-bottom: .75em;\r\n vertical-align: bottom\r\n}\r\n\r\n.dcf-table tbody td, .dcf-table tbody th, .dcf-table tfoot td, .dcf-table tfoot th\r\n{\r\n padding-top: .75em;\r\n vertical-align: top\r\n}\r\n\r\n.dcf-table tbody td, .dcf-table tbody th\r\n{\r\n padding-bottom: .75em\r\n}\r\n\r\n.dcf-table-bordered thead th\r\n{\r\n padding-top: 1.33em\r\n}\r\n\r\n.dcf-wrapper-table-scroll\r\n{\r\n overflow-x: auto;\r\n -webkit-overflow-scrolling: touch;\r\n left: 50%;\r\n margin-left: -50vw;\r\n margin-right: -50vw;\r\n padding-bottom: 1em;\r\n position: relative;\r\n right: 50%;\r\n width: 100vw\r\n}\r\n\r\n@media only screen and (max-width:42.09em)\r\n{\r\n.dcf-table-responsive thead\r\n{\r\n clip: rect(0 0 0 0);\r\n -webkit-clip-path: inset(50%);\r\n clip-path: inset(50%);\r\n height: 1px;\r\n overflow: hidden;\r\n position: absolute;\r\n width: 1px;\r\n white-space: nowrap\r\n}\r\n\r\n.dcf-table-responsive tr\r\n{\r\n display: block\r\n}\r\n\r\n.dcf-table-responsive td\r\n{\r\n -webkit-column-gap: 3.16vw;\r\n -moz-column-gap: 3.16vw;\r\n column-gap: 3.16vw;\r\n display: grid;\r\n grid-template-columns: 1fr 2fr;\r\n text-align: left!important\r\n}\r\n\r\n.dcf-table-responsive.dcf-table-bordered, .dcf-table-responsive.dcf-table-bordered thead th\r\n{\r\n border-width: 0\r\n}\r\n\r\n.dcf-table-responsive.dcf-table-bordered tbody td\r\n{\r\n border-top-width: 0\r\n}\r\n\r\n.dcf-table-responsive:not(.dcf-table-bordered) tbody tr\r\n{\r\n padding-bottom: .75em\r\n}\r\n\r\n.dcf-table-responsive:not(.dcf-table-bordered) tbody td\r\n{\r\n padding-bottom: 0\r\n}\r\n\r\n.dcf-table-responsive:not(.dcf-table-bordered):not(.dcf-table-striped) tbody td\r\n{\r\n padding-right: 0\r\n}\r\n\r\n.dcf-table-responsive.dcf-table-bordered tbody tr:last-child td:last-child\r\n{\r\n border-bottom-width: 0\r\n}\r\n\r\n.dcf-table-responsive tbody td:before\r\n{\r\n content: attr(data-label);\r\n float: left;\r\n font-weight: 700;\r\n padding-right: 1.78em\r\n}\r\n}\r\n\r\n.dcf-overflow-x-auto\r\n{\r\n overflow-x: auto!important;\r\n  -webkit-overflow-scrolling: touch\r\n}\r\n\r\ntable th\r\n{\r\n color: black;\r\n}\r\n\r\ntd.dcf-txt-center\r\n{\r\n color: black;\r\n}\r\n\r\n<\/style>\r\n\r\n<table class=\"dcf-table dcf-table-responsive dcf-table-bordered dcf-table-striped dcf-w-100%\">\r\n<thead>\r\n<tr>\r\n<th class=\"dcf-txt-center\" data-label=\"Format\" scope=\"col\">Dimensions<\/th>\r\n<\/tr>\r\n<\/thead>\r\n<tbody>\r\n\r\n<tr>\r\n<td class=\"dcf-txt-center\" data-label=\"Format\">45 x45 <\/td>\r\n<\/tr>\r\n\r\n<tr>\r\n<td class=\"dcf-txt-center\" data-label=\"Format\">30 x 60 <\/td>\r\n<\/tr>\r\n\r\n<tr>\r\n<td class=\"dcf-txt-center\" data-label=\"Format\">20 x 40 <\/td>\r\n<\/tr>\r\n\r\n<tr>\r\n<td class=\"dcf-txt-center\" data-label=\"Format\">Customizable <\/td>\r\n<\/tr>\r\n<\/tbody>\r\n<\/table>\t\t<\/div>\n\t\t\t\t<\/div>\n\t\t\t\t<div class=\"elementor-element elementor-element-890ef45 elementor-widget elementor-widget-text-editor\" data-id=\"890ef45\" data-element_type=\"widget\" data-widget_type=\"text-editor.default\">\n\t\t\t\t<div class=\"elementor-widget-container\">\n\t\t\t\t\t\t\t<center><p>Standard or customized printing<\/p><p>Customizable packaging<\/p><\/center>\t\t\t\t\t\t<\/div>\n\t\t\t\t<\/div>\n\t\t\t\t\t<\/div>\n\t\t<\/div>\n\t\t\t\t\t\t\t<\/div>\n\t\t<\/section>\n\t\t\t\t\t<\/div>\n\t\t<\/div>\n\t\t\t\t\t\t\t<\/div>\n\t\t<\/section>\n\t\t\t\t\t\t\t<\/div>\n\t\t","protected":false},"excerpt":{"rendered":"<p>Etoile Kashmir Baroque Mosa\u00efque Pr\u00e9c\u00e9dent Suivant Recycled and recyclable high-density PE material Dimensions 45 x45 30 x 60 20 x 40 Customizable Standard or customized printing<span class=\"excerpt-hellip\"> [\u2026]<\/span><\/p>\n","protected":false},"author":1,"featured_media":0,"parent":2421,"menu_order":0,"comment_status":"closed","ping_status":"closed","template":"","meta":{"content-type":"","footnotes":""},"class_list":["post-2467","page","type-page","status-publish","hentry"],"yoast_head":"<!-- This site is optimized with the Yoast SEO plugin v19.8 - https:\/\/yoast.com\/wordpress\/plugins\/seo\/ -->\n<title>Shopping Bag - Baplast<\/title>\n<meta name=\"description\" content=\"Fabrication des films d\u2019emballage et sacs en plastique ou biosourc\u00e9s compostables.\" \/>\n<meta name=\"robots\" content=\"index, follow, max-snippet:-1, max-image-preview:large, max-video-preview:-1\" \/>\n<link rel=\"canonical\" href=\"http:\/\/www.baplast.com.tn\/nos-produits\/shopping\/sac-boutique\/\" \/>\n<meta property=\"og:locale\" content=\"en_US\" \/>\n<meta property=\"og:type\" content=\"article\" \/>\n<meta property=\"og:title\" content=\"Shopping Bag - Baplast\" \/>\n<meta property=\"og:description\" content=\"Fabrication des films d\u2019emballage et sacs en plastique ou biosourc\u00e9s compostables.\" \/>\n<meta property=\"og:url\" content=\"http:\/\/www.baplast.com.tn\/nos-produits\/shopping\/sac-boutique\/\" \/>\n<meta property=\"og:site_name\" content=\"Baplast\" \/>\n<meta property=\"article:modified_time\" content=\"2022-11-10T09:43:55+00:00\" \/>\n<meta property=\"og:image\" content=\"http:\/\/www.baplast.com.tn\/wp-content\/uploads\/2022\/10\/sac_boutique_1.jpg\" \/>\n<meta name=\"twitter:card\" content=\"summary_large_image\" \/>\n<meta name=\"twitter:label1\" content=\"Est. reading time\" \/>\n\t<meta name=\"twitter:data1\" content=\"4 minutes\" \/>\n<script type=\"application\/ld+json\" class=\"yoast-schema-graph\">{\"@context\":\"https:\/\/schema.org\",\"@graph\":[{\"@type\":\"WebPage\",\"@id\":\"http:\/\/www.baplast.com.tn\/nos-produits\/shopping\/sac-boutique\/\",\"url\":\"http:\/\/www.baplast.com.tn\/nos-produits\/shopping\/sac-boutique\/\",\"name\":\"Shopping Bag - Baplast\",\"isPartOf\":{\"@id\":\"http:\/\/www.baplast.com.tn\/#website\"},\"datePublished\":\"2022-10-20T14:22:54+00:00\",\"dateModified\":\"2022-11-10T09:43:55+00:00\",\"description\":\"Fabrication des films d\u2019emballage et sacs en plastique ou biosourc\u00e9s compostables.\",\"breadcrumb\":{\"@id\":\"http:\/\/www.baplast.com.tn\/nos-produits\/shopping\/sac-boutique\/#breadcrumb\"},\"inLanguage\":\"en-US\",\"potentialAction\":[{\"@type\":\"ReadAction\",\"target\":[\"http:\/\/www.baplast.com.tn\/nos-produits\/shopping\/sac-boutique\/\"]}]},{\"@type\":\"BreadcrumbList\",\"@id\":\"http:\/\/www.baplast.com.tn\/nos-produits\/shopping\/sac-boutique\/#breadcrumb\",\"itemListElement\":[{\"@type\":\"ListItem\",\"position\":1,\"name\":\"Home\",\"item\":\"http:\/\/www.baplast.com.tn\/en\/\"},{\"@type\":\"ListItem\",\"position\":2,\"name\":\"Products\",\"item\":\"http:\/\/www.baplast.com.tn\/products\/\"},{\"@type\":\"ListItem\",\"position\":3,\"name\":\"Shopping\",\"item\":\"http:\/\/www.baplast.com.tn\/nos-produits\/shopping\/\"},{\"@type\":\"ListItem\",\"position\":4,\"name\":\"Shopping Bag\"}]},{\"@type\":\"WebSite\",\"@id\":\"http:\/\/www.baplast.com.tn\/#website\",\"url\":\"http:\/\/www.baplast.com.tn\/\",\"name\":\"Baplast\",\"description\":\"Fabrication des films d\u2019emballage et sacs en plastique ou biosourc\u00e9s compostables\",\"publisher\":{\"@id\":\"http:\/\/www.baplast.com.tn\/#organization\"},\"potentialAction\":[{\"@type\":\"SearchAction\",\"target\":{\"@type\":\"EntryPoint\",\"urlTemplate\":\"http:\/\/www.baplast.com.tn\/?s={search_term_string}\"},\"query-input\":\"required name=search_term_string\"}],\"inLanguage\":\"en-US\"},{\"@type\":\"Organization\",\"@id\":\"http:\/\/www.baplast.com.tn\/#organization\",\"name\":\"Baplast\",\"url\":\"http:\/\/www.baplast.com.tn\/\",\"sameAs\":[],\"logo\":{\"@type\":\"ImageObject\",\"inLanguage\":\"en-US\",\"@id\":\"http:\/\/www.baplast.com.tn\/#\/schema\/logo\/image\/\",\"url\":\"http:\/\/www.baplast.com.tn\/wp-content\/uploads\/2022\/09\/logo_baplast_Sfax_Tunisie.png\",\"contentUrl\":\"http:\/\/www.baplast.com.tn\/wp-content\/uploads\/2022\/09\/logo_baplast_Sfax_Tunisie.png\",\"width\":2681,\"height\":976,\"caption\":\"Baplast\"},\"image\":{\"@id\":\"http:\/\/www.baplast.com.tn\/#\/schema\/logo\/image\/\"}}]}<\/script>\n<!-- \/ Yoast SEO plugin. -->","yoast_head_json":{"title":"Shopping Bag - Baplast","description":"Fabrication des films d\u2019emballage et sacs en plastique ou biosourc\u00e9s compostables.","robots":{"index":"index","follow":"follow","max-snippet":"max-snippet:-1","max-image-preview":"max-image-preview:large","max-video-preview":"max-video-preview:-1"},"canonical":"http:\/\/www.baplast.com.tn\/nos-produits\/shopping\/sac-boutique\/","og_locale":"en_US","og_type":"article","og_title":"Shopping Bag - Baplast","og_description":"Fabrication des films d\u2019emballage et sacs en plastique ou biosourc\u00e9s compostables.","og_url":"http:\/\/www.baplast.com.tn\/nos-produits\/shopping\/sac-boutique\/","og_site_name":"Baplast","article_modified_time":"2022-11-10T09:43:55+00:00","og_image":[{"url":"http:\/\/www.baplast.com.tn\/wp-content\/uploads\/2022\/10\/sac_boutique_1.jpg"}],"twitter_card":"summary_large_image","twitter_misc":{"Est. reading time":"4 minutes"},"schema":{"@context":"https:\/\/schema.org","@graph":[{"@type":"WebPage","@id":"http:\/\/www.baplast.com.tn\/nos-produits\/shopping\/sac-boutique\/","url":"http:\/\/www.baplast.com.tn\/nos-produits\/shopping\/sac-boutique\/","name":"Shopping Bag - Baplast","isPartOf":{"@id":"http:\/\/www.baplast.com.tn\/#website"},"datePublished":"2022-10-20T14:22:54+00:00","dateModified":"2022-11-10T09:43:55+00:00","description":"Fabrication des films d\u2019emballage et sacs en plastique ou biosourc\u00e9s compostables.","breadcrumb":{"@id":"http:\/\/www.baplast.com.tn\/nos-produits\/shopping\/sac-boutique\/#breadcrumb"},"inLanguage":"en-US","potentialAction":[{"@type":"ReadAction","target":["http:\/\/www.baplast.com.tn\/nos-produits\/shopping\/sac-boutique\/"]}]},{"@type":"BreadcrumbList","@id":"http:\/\/www.baplast.com.tn\/nos-produits\/shopping\/sac-boutique\/#breadcrumb","itemListElement":[{"@type":"ListItem","position":1,"name":"Home","item":"http:\/\/www.baplast.com.tn\/en\/"},{"@type":"ListItem","position":2,"name":"Products","item":"http:\/\/www.baplast.com.tn\/products\/"},{"@type":"ListItem","position":3,"name":"Shopping","item":"http:\/\/www.baplast.com.tn\/nos-produits\/shopping\/"},{"@type":"ListItem","position":4,"name":"Shopping Bag"}]},{"@type":"WebSite","@id":"http:\/\/www.baplast.com.tn\/#website","url":"http:\/\/www.baplast.com.tn\/","name":"Baplast","description":"Fabrication des films d\u2019emballage et sacs en plastique ou biosourc\u00e9s compostables","publisher":{"@id":"http:\/\/www.baplast.com.tn\/#organization"},"potentialAction":[{"@type":"SearchAction","target":{"@type":"EntryPoint","urlTemplate":"http:\/\/www.baplast.com.tn\/?s={search_term_string}"},"query-input":"required name=search_term_string"}],"inLanguage":"en-US"},{"@type":"Organization","@id":"http:\/\/www.baplast.com.tn\/#organization","name":"Baplast","url":"http:\/\/www.baplast.com.tn\/","sameAs":[],"logo":{"@type":"ImageObject","inLanguage":"en-US","@id":"http:\/\/www.baplast.com.tn\/#\/schema\/logo\/image\/","url":"http:\/\/www.baplast.com.tn\/wp-content\/uploads\/2022\/09\/logo_baplast_Sfax_Tunisie.png","contentUrl":"http:\/\/www.baplast.com.tn\/wp-content\/uploads\/2022\/09\/logo_baplast_Sfax_Tunisie.png","width":2681,"height":976,"caption":"Baplast"},"image":{"@id":"http:\/\/www.baplast.com.tn\/#\/schema\/logo\/image\/"}}]}},"_links":{"self":[{"href":"http:\/\/www.baplast.com.tn\/en\/wp-json\/wp\/v2\/pages\/2467","targetHints":{"allow":["GET"]}}],"collection":[{"href":"http:\/\/www.baplast.com.tn\/en\/wp-json\/wp\/v2\/pages"}],"about":[{"href":"http:\/\/www.baplast.com.tn\/en\/wp-json\/wp\/v2\/types\/page"}],"author":[{"embeddable":true,"href":"http:\/\/www.baplast.com.tn\/en\/wp-json\/wp\/v2\/users\/1"}],"replies":[{"embeddable":true,"href":"http:\/\/www.baplast.com.tn\/en\/wp-json\/wp\/v2\/comments?post=2467"}],"version-history":[{"count":10,"href":"http:\/\/www.baplast.com.tn\/en\/wp-json\/wp\/v2\/pages\/2467\/revisions"}],"predecessor-version":[{"id":2704,"href":"http:\/\/www.baplast.com.tn\/en\/wp-json\/wp\/v2\/pages\/2467\/revisions\/2704"}],"up":[{"embeddable":true,"href":"http:\/\/www.baplast.com.tn\/en\/wp-json\/wp\/v2\/pages\/2421"}],"wp:attachment":[{"href":"http:\/\/www.baplast.com.tn\/en\/wp-json\/wp\/v2\/media?parent=2467"}],"curies":[{"name":"wp","href":"https:\/\/api.w.org\/{rel}","templated":true}]}}